{"id":1885,"date":"2019-04-05T15:11:09","date_gmt":"2019-04-05T14:11:09","guid":{"rendered":"http:\/\/adiemontinyent.es\/?page_id=1885"},"modified":"2026-03-18T09:18:16","modified_gmt":"2026-03-18T08:18:16","slug":"memoria-programa-acompanamiento-integral-sai","status":"publish","type":"page","link":"https:\/\/adiemontinyent.es\/?page_id=1885","title":{"rendered":"SAI &#8211; Servei d&#8217;Acompanyament Integral"},"content":{"rendered":"\n<p><strong>Qu\u00e8 \u00e9s?<\/strong><br>El SAI \u00e9s un servei flexible d\u2019acompanyament i suport individualitzat que interv\u00e9 en l\u2019entorn natural de la persona per facilitar la seva autonomia i integraci\u00f3.<\/p>\n\n\n\n<p><strong>A qui va dirigit?<\/strong><br>A persones que no disposen de pla\u00e7a en CRIS o Centre de Dia, o que necessiten un suport m\u00e9s adaptat i personalitzat.<\/p>\n\n\n\n<p><strong>Qu\u00e8 fem?<\/strong><\/p>\n\n\n\n<ul class=\"wp-block-list\">\n<li>Acompanyament en l\u2019entorn comunitari i domiciliari.<\/li>\n\n\n\n<li>Suport emocional i social.<\/li>\n\n\n\n<li>Coordinaci\u00f3 amb altres serveis.<\/li>\n\n\n\n<li>Orientaci\u00f3 i assessorament.<\/li>\n<\/ul>\n\n\n\n<p><strong>Objectiu del recurs<\/strong><br>Facilitar l\u2019autonomia personal i la inclusi\u00f3 social a trav\u00e9s d\u2019una atenci\u00f3 propera i adaptada.<\/p>\n\n\n\n<p><strong>Horari<\/strong><br><strong><u>Hivern<\/u><\/strong> <strong>(Octubre a Maig)<\/strong><br><strong>Mat\u00ed <\/strong>Dilluns a dijous de 08:00 a 15:00 \/ Divendres de 08:00 a 14:30<br><strong>Vesprada<\/strong> Dilluns i dijous de 16:00 a 19:00<br><br><strong><u>Estiu<\/u><\/strong> <strong>(Juny a Setembre)<\/strong><br>Dilluns a divendres de 08:00 a 15:00<\/p>\n\n\n\n<div class=\"alignnormal\"><div id=\"metaslider-id-26321\" style=\"width: 100%;\" class=\"ml-slider-3-107-0 metaslider metaslider-flex metaslider-26321 ml-slider has-onhover-arrows has-dots-onhover-navigation ms-theme-draxler\" role=\"region\" aria-label=\"SAI\" data-height=\"300\" data-width=\"700\">\n    <div id=\"metaslider_container_26321\">\n        <div id=\"metaslider_26321\">\n            <ul aria-live='off' class='slides'>\n                <li style=\"display: block; width: 100%;\" class=\"slide-26331 ms-image \" aria-roledescription=\"slide\" data-date=\"2026-03-18 09:16:02\" data-filename=\"photo_2026-01-26_10-30-51-700x300.jpg\" data-slide-type=\"image\"><img fetchpriority=\"high\" decoding=\"async\" src=\"https:\/\/adiemontinyent.es\/wp-content\/uploads\/2026\/03\/photo_2026-01-26_10-30-51-700x300.jpg\" height=\"300\" width=\"700\" alt=\"\" class=\"slider-26321 slide-26331 msDefaultImage\" title=\"photo_2026-01-26_10-30-51\" \/><\/li>\n                <li style=\"display: none; width: 100%;\" class=\"slide-26323 ms-image \" aria-roledescription=\"slide\" data-date=\"2026-03-18 09:15:36\" data-filename=\"photo_2026-01-26_10-30-47-700x300.jpg\" data-slide-type=\"image\"><img decoding=\"async\" src=\"https:\/\/adiemontinyent.es\/wp-content\/uploads\/2026\/03\/photo_2026-01-26_10-30-47-700x300.jpg\" height=\"300\" width=\"700\" alt=\"\" class=\"slider-26321 slide-26323 msDefaultImage\" title=\"photo_2026-01-26_10-30-47\" \/><\/li>\n                <li style=\"display: none; width: 100%;\" class=\"slide-26328 ms-image \" aria-roledescription=\"slide\" data-date=\"2026-03-18 09:16:02\" data-filename=\"photo_2026-01-26_10-30-52-700x300.jpg\" data-slide-type=\"image\"><img decoding=\"async\" src=\"https:\/\/adiemontinyent.es\/wp-content\/uploads\/2026\/03\/photo_2026-01-26_10-30-52-700x300.jpg\" height=\"300\" width=\"700\" alt=\"\" class=\"slider-26321 slide-26328 msDefaultImage\" title=\"photo_2026-01-26_10-30-52\" \/><\/li>\n                <li style=\"display: none; width: 100%;\" class=\"slide-26330 ms-image \" aria-roledescription=\"slide\" data-date=\"2026-03-18 09:16:02\" data-filename=\"photo_2026-01-26_10-30-49-700x300.jpg\" data-slide-type=\"image\"><img loading=\"lazy\" decoding=\"async\" src=\"https:\/\/adiemontinyent.es\/wp-content\/uploads\/2026\/03\/photo_2026-01-26_10-30-49-700x300.jpg\" height=\"300\" width=\"700\" alt=\"\" class=\"slider-26321 slide-26330 msDefaultImage\" title=\"photo_2026-01-26_10-30-49\" \/><\/li>\n                <li style=\"display: none; width: 100%;\" class=\"slide-26329 ms-image \" aria-roledescription=\"slide\" data-date=\"2026-03-18 09:16:02\" data-filename=\"photo_2026-01-26_10-31-00-700x300.jpg\" data-slide-type=\"image\"><img loading=\"lazy\" decoding=\"async\" src=\"https:\/\/adiemontinyent.es\/wp-content\/uploads\/2026\/03\/photo_2026-01-26_10-31-00-700x300.jpg\" height=\"300\" width=\"700\" alt=\"\" class=\"slider-26321 slide-26329 msDefaultImage\" title=\"photo_2026-01-26_10-31-00\" \/><\/li>\n            <\/ul>\n        <\/div>\n        \n    <\/div>\n<\/div><\/div>\n\n\n\n<p><\/p>\n\n\n\n<div data-wp-interactive=\"core\/file\" class=\"wp-block-file\"><object data-wp-bind--hidden=\"!state.hasPdfPreview\" hidden class=\"wp-block-file__embed\" data=\"https:\/\/adiemontinyent.es\/wp-content\/uploads\/2026\/03\/MEMORIA-DE-ACTIVIDADES-SAI-ADIEM-Enero-Diciembre-2024.pdf\" type=\"application\/pdf\" style=\"width:100%;height:600px\" aria-label=\"Incrustado de MEMORIA-DE-ACTIVIDADES-SAI-ADIEM-Enero-Diciembre-2024.\"><\/object><a id=\"wp-block-file--media-872e4a28-8417-4a2a-89ea-3949eac7fce7\" href=\"https:\/\/adiemontinyent.es\/wp-content\/uploads\/2026\/03\/MEMORIA-DE-ACTIVIDADES-SAI-ADIEM-Enero-Diciembre-2024.pdf\">MEMORIA-DE-ACTIVIDADES-SAI-ADIEM-Enero-Diciembre-2024<\/a><a href=\"https:\/\/adiemontinyent.es\/wp-content\/uploads\/2026\/03\/MEMORIA-DE-ACTIVIDADES-SAI-ADIEM-Enero-Diciembre-2024.pdf\" class=\"wp-block-file__button wp-element-button\" download aria-describedby=\"wp-block-file--media-872e4a28-8417-4a2a-89ea-3949eac7fce7\">Descarga<\/a><\/div>\n","protected":false},"excerpt":{"rendered":"<p>Qu\u00e8 \u00e9s?El SAI \u00e9s un servei flexible d\u2019acompanyament i suport individualitzat que interv\u00e9 en l\u2019entorn natural de la persona per facilitar la seva autonomia i integraci\u00f3. A qui va dirigit?A persones que no disposen de pla\u00e7a en CRIS o Centre&#8230;<br \/><a class=\"read-more-button\" href=\"https:\/\/adiemontinyent.es\/?page_id=1885\">Leer m\u00e1s<\/a><\/p>\n","protected":false},"author":1,"featured_media":0,"parent":0,"menu_order":0,"comment_status":"closed","ping_status":"closed","template":"","meta":{"footnotes":""},"class_list":["post-1885","page","type-page","status-publish","hentry"],"_links":{"self":[{"href":"https:\/\/adiemontinyent.es\/index.php?rest_route=\/wp\/v2\/pages\/1885","targetHints":{"allow":["GET"]}}],"collection":[{"href":"https:\/\/adiemontinyent.es\/index.php?rest_route=\/wp\/v2\/pages"}],"about":[{"href":"https:\/\/adiemontinyent.es\/index.php?rest_route=\/wp\/v2\/types\/page"}],"author":[{"embeddable":true,"href":"https:\/\/adiemontinyent.es\/index.php?rest_route=\/wp\/v2\/users\/1"}],"replies":[{"embeddable":true,"href":"https:\/\/adiemontinyent.es\/index.php?rest_route=%2Fwp%2Fv2%2Fcomments&post=1885"}],"version-history":[{"count":21,"href":"https:\/\/adiemontinyent.es\/index.php?rest_route=\/wp\/v2\/pages\/1885\/revisions"}],"predecessor-version":[{"id":26334,"href":"https:\/\/adiemontinyent.es\/index.php?rest_route=\/wp\/v2\/pages\/1885\/revisions\/26334"}],"wp:attachment":[{"href":"https:\/\/adiemontinyent.es\/index.php?rest_route=%2Fwp%2Fv2%2Fmedia&parent=1885"}],"curies":[{"name":"wp","href":"https:\/\/api.w.org\/{rel}","templated":true}]}}