{"id":268,"date":"2016-06-14T16:16:49","date_gmt":"2016-06-14T15:16:49","guid":{"rendered":"http:\/\/adiemontinyent.es\/?page_id=268"},"modified":"2016-12-05T08:27:40","modified_gmt":"2016-12-05T07:27:40","slug":"integracion-laboral","status":"publish","type":"page","link":"https:\/\/adiemontinyent.es\/?page_id=268","title":{"rendered":"Integraci\u00f3n Laboral"},"content":{"rendered":"<p>Desde ADIEM se gestionan actividades relacionadas con la integraci\u00f3n laboral de nuestro colectivo. Se potencia el mantenimiento, la formaci\u00f3n y la integraci\u00f3n en el mundo laboral mediante la gesti\u00f3n de TFIL, el seguimiento laboral y acciones formativas laborales.<br \/>\n<img decoding=\"async\" src=\"http:\/\/adiemontinyent.es\/wp-content\/uploads\/2016\/12\/TFIL1_CRIS.jpg\" alt=\"tfil1_cris\" width=\"310\"  class=\"alignnone size-medium wp-image-844\" \/><img fetchpriority=\"high\" decoding=\"async\" src=\"http:\/\/adiemontinyent.es\/wp-content\/uploads\/2016\/12\/TFIL2_CRIS-300x169.jpg\" alt=\"tfil2_cris\" width=\"310\" height=\"169\" class=\"alignnone size-medium wp-image-846\" \/><\/p>\n","protected":false},"excerpt":{"rendered":"<p>Desde ADIEM se gestionan actividades relacionadas con la integraci\u00f3n laboral de nuestro colectivo. Se potencia el mantenimiento, la formaci\u00f3n y la integraci\u00f3n en el mundo laboral mediante la gesti\u00f3n de TFIL, el seguimiento laboral y acciones formativas laborales.<\/p>\n","protected":false},"author":1,"featured_media":0,"parent":0,"menu_order":0,"comment_status":"closed","ping_status":"closed","template":"","meta":{"footnotes":""},"class_list":["post-268","page","type-page","status-publish","hentry"],"_links":{"self":[{"href":"https:\/\/adiemontinyent.es\/index.php?rest_route=\/wp\/v2\/pages\/268","targetHints":{"allow":["GET"]}}],"collection":[{"href":"https:\/\/adiemontinyent.es\/index.php?rest_route=\/wp\/v2\/pages"}],"about":[{"href":"https:\/\/adiemontinyent.es\/index.php?rest_route=\/wp\/v2\/types\/page"}],"author":[{"embeddable":true,"href":"https:\/\/adiemontinyent.es\/index.php?rest_route=\/wp\/v2\/users\/1"}],"replies":[{"embeddable":true,"href":"https:\/\/adiemontinyent.es\/index.php?rest_route=%2Fwp%2Fv2%2Fcomments&post=268"}],"version-history":[{"count":6,"href":"https:\/\/adiemontinyent.es\/index.php?rest_route=\/wp\/v2\/pages\/268\/revisions"}],"predecessor-version":[{"id":851,"href":"https:\/\/adiemontinyent.es\/index.php?rest_route=\/wp\/v2\/pages\/268\/revisions\/851"}],"wp:attachment":[{"href":"https:\/\/adiemontinyent.es\/index.php?rest_route=%2Fwp%2Fv2%2Fmedia&parent=268"}],"curies":[{"name":"wp","href":"https:\/\/api.w.org\/{rel}","templated":true}]}}