{"id":270,"date":"2016-06-14T16:17:24","date_gmt":"2016-06-14T15:17:24","guid":{"rendered":"http:\/\/adiemontinyent.es\/?page_id=270"},"modified":"2024-02-09T09:48:10","modified_gmt":"2024-02-09T08:48:10","slug":"vacaciones","status":"publish","type":"page","link":"https:\/\/adiemontinyent.es\/?page_id=270","title":{"rendered":"Vacaciones"},"content":{"rendered":"<p>Nuestra asociaci\u00f3n pertenece desde hace a\u00f1os al programa de vacaciones del IMSERSO gestionado por la Confederaci\u00f3n Salud mental Espa\u00f1a en la que muchos de nuestros socios se benefician de un programa vacacional de una semana con apoyo de monitores especializados.<\/p>\n\n\n<figure class=\"wp-block-image size-large\"><a href=\"https:\/\/adiemontinyent.es\/wp-content\/uploads\/2024\/02\/VACACIONES-1.jpg\"><img fetchpriority=\"high\" decoding=\"async\" width=\"1024\" height=\"565\" src=\"https:\/\/adiemontinyent.es\/wp-content\/uploads\/2024\/02\/VACACIONES-1-1024x565.jpg\" alt=\"\" class=\"wp-image-3581\" srcset=\"https:\/\/adiemontinyent.es\/wp-content\/uploads\/2024\/02\/VACACIONES-1-1024x565.jpg 1024w, https:\/\/adiemontinyent.es\/wp-content\/uploads\/2024\/02\/VACACIONES-1-300x165.jpg 300w, https:\/\/adiemontinyent.es\/wp-content\/uploads\/2024\/02\/VACACIONES-1-768x423.jpg 768w, https:\/\/adiemontinyent.es\/wp-content\/uploads\/2024\/02\/VACACIONES-1-1170x645.jpg 1170w, https:\/\/adiemontinyent.es\/wp-content\/uploads\/2024\/02\/VACACIONES-1.jpg 1440w\" sizes=\"(max-width: 1024px) 100vw, 1024px\" \/><\/a><\/figure>\n","protected":false},"excerpt":{"rendered":"<p>Nuestra asociaci\u00f3n pertenece desde hace a\u00f1os al programa de vacaciones del IMSERSO gestionado por la Confederaci\u00f3n Salud mental Espa\u00f1a en la que muchos de nuestros socios se benefician de un programa vacacional de una semana con apoyo de monitores especializados.<\/p>\n","protected":false},"author":1,"featured_media":0,"parent":0,"menu_order":0,"comment_status":"closed","ping_status":"closed","template":"","meta":{"footnotes":""},"class_list":["post-270","page","type-page","status-publish","hentry"],"_links":{"self":[{"href":"https:\/\/adiemontinyent.es\/index.php?rest_route=\/wp\/v2\/pages\/270","targetHints":{"allow":["GET"]}}],"collection":[{"href":"https:\/\/adiemontinyent.es\/index.php?rest_route=\/wp\/v2\/pages"}],"about":[{"href":"https:\/\/adiemontinyent.es\/index.php?rest_route=\/wp\/v2\/types\/page"}],"author":[{"embeddable":true,"href":"https:\/\/adiemontinyent.es\/index.php?rest_route=\/wp\/v2\/users\/1"}],"replies":[{"embeddable":true,"href":"https:\/\/adiemontinyent.es\/index.php?rest_route=%2Fwp%2Fv2%2Fcomments&post=270"}],"version-history":[{"count":5,"href":"https:\/\/adiemontinyent.es\/index.php?rest_route=\/wp\/v2\/pages\/270\/revisions"}],"predecessor-version":[{"id":3583,"href":"https:\/\/adiemontinyent.es\/index.php?rest_route=\/wp\/v2\/pages\/270\/revisions\/3583"}],"wp:attachment":[{"href":"https:\/\/adiemontinyent.es\/index.php?rest_route=%2Fwp%2Fv2%2Fmedia&parent=270"}],"curies":[{"name":"wp","href":"https:\/\/api.w.org\/{rel}","templated":true}]}}