{"id":272,"date":"2016-06-14T16:17:48","date_gmt":"2016-06-14T15:17:48","guid":{"rendered":"http:\/\/adiemontinyent.es\/?page_id=272"},"modified":"2018-09-25T07:28:08","modified_gmt":"2018-09-25T06:28:08","slug":"voluntariado","status":"publish","type":"page","link":"https:\/\/adiemontinyent.es\/?page_id=272","title":{"rendered":"Voluntariado"},"content":{"rendered":"<p>ADIEM forma parte de la red AMVOS de la ciudad de Ontinyent y se beneficia de la colaboraci\u00f3n desinteresada de un n\u00famero de personas voluntarias para la realizaci\u00f3n de actividades no profesionales y cuyo objetivo primordial es la integraci\u00f3n social de nuestro colectivo.<\/p>\n<iframe src=\"\/\/docs.google.com\/viewer?url=http%3A%2F%2Fadiemontinyent.es%2Fwp-content%2Fuploads%2F2018%2F09%2FCARTELL-VOLUNTARIAT-2018-PDF-2.pdf&hl=es&embedded=true\" class=\"gde-frame\" style=\"width:100%; height:500px; border: none;\" scrolling=\"no\"><\/iframe>\n\n<p>&nbsp;<\/p>\n","protected":false},"excerpt":{"rendered":"<p>ADIEM forma parte de la red AMVOS de la ciudad de Ontinyent y se beneficia de la colaboraci\u00f3n desinteresada de un n\u00famero de personas voluntarias para la realizaci\u00f3n de actividades no profesionales y cuyo objetivo primordial es la integraci\u00f3n social&#8230;<br \/><a class=\"read-more-button\" href=\"https:\/\/adiemontinyent.es\/?page_id=272\">Leer m\u00e1s<\/a><\/p>\n","protected":false},"author":1,"featured_media":0,"parent":0,"menu_order":0,"comment_status":"closed","ping_status":"closed","template":"","meta":{"footnotes":""},"class_list":["post-272","page","type-page","status-publish","hentry"],"_links":{"self":[{"href":"https:\/\/adiemontinyent.es\/index.php?rest_route=\/wp\/v2\/pages\/272","targetHints":{"allow":["GET"]}}],"collection":[{"href":"https:\/\/adiemontinyent.es\/index.php?rest_route=\/wp\/v2\/pages"}],"about":[{"href":"https:\/\/adiemontinyent.es\/index.php?rest_route=\/wp\/v2\/types\/page"}],"author":[{"embeddable":true,"href":"https:\/\/adiemontinyent.es\/index.php?rest_route=\/wp\/v2\/users\/1"}],"replies":[{"embeddable":true,"href":"https:\/\/adiemontinyent.es\/index.php?rest_route=%2Fwp%2Fv2%2Fcomments&post=272"}],"version-history":[{"count":11,"href":"https:\/\/adiemontinyent.es\/index.php?rest_route=\/wp\/v2\/pages\/272\/revisions"}],"predecessor-version":[{"id":1573,"href":"https:\/\/adiemontinyent.es\/index.php?rest_route=\/wp\/v2\/pages\/272\/revisions\/1573"}],"wp:attachment":[{"href":"https:\/\/adiemontinyent.es\/index.php?rest_route=%2Fwp%2Fv2%2Fmedia&parent=272"}],"curies":[{"name":"wp","href":"https:\/\/api.w.org\/{rel}","templated":true}]}}