{"id":278,"date":"2016-06-14T16:20:33","date_gmt":"2016-06-14T15:20:33","guid":{"rendered":"http:\/\/adiemontinyent.es\/?page_id=278"},"modified":"2016-11-09T07:43:38","modified_gmt":"2016-11-09T06:43:38","slug":"confederacion-salud-mental-espana","status":"publish","type":"page","link":"https:\/\/adiemontinyent.es\/?page_id=278","title":{"rendered":"CONFEDERACI\u00d3N SALUD MENTAL ESPA\u00d1A"},"content":{"rendered":"<p>ADIEM forma parte desde sus inicios de la confederaci\u00f3n de salud mental tanto a nivel Comunidad Valenciana como a nivel nacional. En la actualidad ostenta el cargo de tesorer\u00eda en la junta directiva de la Comunidad Valenciana, tenemos representaci\u00f3n en el comit\u00e9 de t\u00e9cnicos y tambi\u00e9n en el comit\u00e9 de enfermos.<\/p>\n<p><a href=\"http:\/\/adiemontinyent.es\/wp-content\/uploads\/2016\/11\/Reina-y-Valencia.jpg\"><img fetchpriority=\"high\" decoding=\"async\" class=\"alignnone size-medium wp-image-664\" src=\"http:\/\/adiemontinyent.es\/wp-content\/uploads\/2016\/11\/Reina-y-Valencia-300x200.jpg\" alt=\"reina-y-valencia\" width=\"300\" height=\"200\" srcset=\"https:\/\/adiemontinyent.es\/wp-content\/uploads\/2016\/11\/Reina-y-Valencia-300x200.jpg 300w, https:\/\/adiemontinyent.es\/wp-content\/uploads\/2016\/11\/Reina-y-Valencia-768x512.jpg 768w, https:\/\/adiemontinyent.es\/wp-content\/uploads\/2016\/11\/Reina-y-Valencia-1024x683.jpg 1024w, https:\/\/adiemontinyent.es\/wp-content\/uploads\/2016\/11\/Reina-y-Valencia-1170x780.jpg 1170w\" sizes=\"(max-width: 300px) 100vw, 300px\" \/><\/a><\/p>\n<p>SM La Reina Letizia visit\u00f3 la sede de la Confederaci\u00f3n SALUD MENTAL ESPA\u00d1A el pasado 18 de octubre, en este encuentro vemos al presidente de ADIEM, Vicent Sanchis, como representante de la Federaci\u00f3n de la Comunidad Valenciana.<\/p>\n","protected":false},"excerpt":{"rendered":"<p>ADIEM forma parte desde sus inicios de la confederaci\u00f3n de salud mental tanto a nivel Comunidad Valenciana como a nivel nacional. En la actualidad ostenta el cargo de tesorer\u00eda en la junta directiva de la Comunidad Valenciana, tenemos representaci\u00f3n en&#8230;<br \/><a class=\"read-more-button\" href=\"https:\/\/adiemontinyent.es\/?page_id=278\">Leer m\u00e1s<\/a><\/p>\n","protected":false},"author":1,"featured_media":0,"parent":0,"menu_order":0,"comment_status":"closed","ping_status":"closed","template":"","meta":{"footnotes":""},"class_list":["post-278","page","type-page","status-publish","hentry"],"_links":{"self":[{"href":"https:\/\/adiemontinyent.es\/index.php?rest_route=\/wp\/v2\/pages\/278","targetHints":{"allow":["GET"]}}],"collection":[{"href":"https:\/\/adiemontinyent.es\/index.php?rest_route=\/wp\/v2\/pages"}],"about":[{"href":"https:\/\/adiemontinyent.es\/index.php?rest_route=\/wp\/v2\/types\/page"}],"author":[{"embeddable":true,"href":"https:\/\/adiemontinyent.es\/index.php?rest_route=\/wp\/v2\/users\/1"}],"replies":[{"embeddable":true,"href":"https:\/\/adiemontinyent.es\/index.php?rest_route=%2Fwp%2Fv2%2Fcomments&post=278"}],"version-history":[{"count":3,"href":"https:\/\/adiemontinyent.es\/index.php?rest_route=\/wp\/v2\/pages\/278\/revisions"}],"predecessor-version":[{"id":667,"href":"https:\/\/adiemontinyent.es\/index.php?rest_route=\/wp\/v2\/pages\/278\/revisions\/667"}],"wp:attachment":[{"href":"https:\/\/adiemontinyent.es\/index.php?rest_route=%2Fwp%2Fv2%2Fmedia&parent=278"}],"curies":[{"name":"wp","href":"https:\/\/api.w.org\/{rel}","templated":true}]}}