{"id":280,"date":"2016-06-14T16:22:08","date_gmt":"2016-06-14T15:22:08","guid":{"rendered":"http:\/\/adiemontinyent.es\/?page_id=280"},"modified":"2024-02-09T09:25:34","modified_gmt":"2024-02-09T08:25:34","slug":"huerto","status":"publish","type":"page","link":"https:\/\/adiemontinyent.es\/?page_id=280","title":{"rendered":"Huerto"},"content":{"rendered":"\n<figure class=\"wp-block-image size-large is-resized\"><a href=\"https:\/\/adiemontinyent.es\/wp-content\/uploads\/2024\/02\/HUERTO--scaled.jpg\"><img fetchpriority=\"high\" decoding=\"async\" src=\"https:\/\/adiemontinyent.es\/wp-content\/uploads\/2024\/02\/HUERTO--1024x768.jpg\" alt=\"\" class=\"wp-image-3552\" width=\"366\" height=\"275\" srcset=\"https:\/\/adiemontinyent.es\/wp-content\/uploads\/2024\/02\/HUERTO--1024x768.jpg 1024w, https:\/\/adiemontinyent.es\/wp-content\/uploads\/2024\/02\/HUERTO--300x225.jpg 300w, https:\/\/adiemontinyent.es\/wp-content\/uploads\/2024\/02\/HUERTO--768x576.jpg 768w, https:\/\/adiemontinyent.es\/wp-content\/uploads\/2024\/02\/HUERTO--1536x1152.jpg 1536w, https:\/\/adiemontinyent.es\/wp-content\/uploads\/2024\/02\/HUERTO--2048x1536.jpg 2048w, https:\/\/adiemontinyent.es\/wp-content\/uploads\/2024\/02\/HUERTO--1170x878.jpg 1170w\" sizes=\"(max-width: 366px) 100vw, 366px\" \/><\/a><\/figure>\n\n\n\n<figure class=\"wp-block-image size-large is-resized\"><a href=\"https:\/\/adiemontinyent.es\/wp-content\/uploads\/2024\/02\/HUERTO-2-scaled.jpg\"><img decoding=\"async\" src=\"https:\/\/adiemontinyent.es\/wp-content\/uploads\/2024\/02\/HUERTO-2-1024x768.jpg\" alt=\"\" class=\"wp-image-3554\" width=\"370\" height=\"277\" srcset=\"https:\/\/adiemontinyent.es\/wp-content\/uploads\/2024\/02\/HUERTO-2-1024x768.jpg 1024w, https:\/\/adiemontinyent.es\/wp-content\/uploads\/2024\/02\/HUERTO-2-300x225.jpg 300w, https:\/\/adiemontinyent.es\/wp-content\/uploads\/2024\/02\/HUERTO-2-768x576.jpg 768w, https:\/\/adiemontinyent.es\/wp-content\/uploads\/2024\/02\/HUERTO-2-1536x1152.jpg 1536w, https:\/\/adiemontinyent.es\/wp-content\/uploads\/2024\/02\/HUERTO-2-2048x1536.jpg 2048w, https:\/\/adiemontinyent.es\/wp-content\/uploads\/2024\/02\/HUERTO-2-1170x878.jpg 1170w\" sizes=\"(max-width: 370px) 100vw, 370px\" \/><\/a><\/figure>\n\n\n<p align=\"justify\"><span style=\"font-family: Arial, Helvetica, sans-serif, sans-serif;\"><span style=\"font-size: medium;\">Este proyecto est\u00e1 dirigido por Alberto Belda psic\u00f3logo especialista en agricultura ecol\u00f3gica y est\u00e1 orientado a promover el aprendizaje de los cultivos hort\u00edcolas mediante el trabajo cooperativo, ya que ser realiza trabajo en equipo. <\/span><\/span><\/p>\n<p align=\"justify\"><span style=\"font-family: Arial, Helvetica, sans-serif, sans-serif;\"><span style=\"font-size: medium;\"> Esto supone un gran beneficio para nuestros usuarios ya que es un espacio donde aprenden a realizar tareas agr\u00edcolas a la vez que aplican habilidades sociales y de relaci\u00f3n generalizando conocimientos trabajados en otros grupos. Esto es muy importante desde la perspectiva de la integraci\u00f3n ya que su c\u00edrculo de relaci\u00f3n cada vez se ve m\u00e1s coartado por las consecuencias sociales de su propia enfermedad y por las experiencias negativas que viven debido a esta ya que supone salir de los centros y de casa para ir a un lugar al aire libre a relacionarse con los compa\u00f1eros\/as. <\/span><\/span><\/p>\n<p align=\"justify\"><span style=\"font-family: Arial, Helvetica, sans-serif, sans-serif;\"><span style=\"font-size: medium;\">Este grupo permite favorecer la conexi\u00f3n con su entorno pr\u00f3ximo ya que muchas personas poseen parcelas familiares donde colaboran o pueden colaborar contribuyendo al mantenimiento y mejora de estas recuperando responsabilidades familiares transformando sus relaciones pasando a ser sujetos activos. <\/span><\/span><\/p>\n<p align=\"justify\"><span style=\"font-family: Arial, Helvetica, sans-serif, sans-serif;\"><span style=\"font-size: medium;\">Los contenidos de este grupo son mayormente pr\u00e1cticos, debido a que deben aprender tareas de mantenimiento y riego de cultivos hort\u00edcolas. Entre ellas; limpieza se acequia y desbrozamiento de esta, preparar las parcelas para la plantaci\u00f3n y el riego, poner exclusas en las parcelas, mezclar el esti\u00e9rcol con la tierra de las parcelas, plantar las hortalizas, cuidar y mantener en buen estado la cosecha y las parcelas.<\/span><\/span><\/p>\n<p align=\"justify\"><\/p>\n<figure class=\"wp-block-image size-large is-resized\"><a href=\"https:\/\/adiemontinyent.es\/wp-content\/uploads\/2024\/02\/HUERTO-2-scaled.jpg\"><img decoding=\"async\" class=\"wp-image-3554\" src=\"https:\/\/adiemontinyent.es\/wp-content\/uploads\/2024\/02\/HUERTO-2-1024x768.jpg\" alt=\"\" width=\"375\" height=\"282\" srcset=\"https:\/\/adiemontinyent.es\/wp-content\/uploads\/2024\/02\/HUERTO-2-1024x768.jpg 1024w, https:\/\/adiemontinyent.es\/wp-content\/uploads\/2024\/02\/HUERTO-2-300x225.jpg 300w, https:\/\/adiemontinyent.es\/wp-content\/uploads\/2024\/02\/HUERTO-2-768x576.jpg 768w, https:\/\/adiemontinyent.es\/wp-content\/uploads\/2024\/02\/HUERTO-2-1536x1152.jpg 1536w, https:\/\/adiemontinyent.es\/wp-content\/uploads\/2024\/02\/HUERTO-2-2048x1536.jpg 2048w, https:\/\/adiemontinyent.es\/wp-content\/uploads\/2024\/02\/HUERTO-2-1170x878.jpg 1170w\" sizes=\"(max-width: 375px) 100vw, 375px\" \/><\/a><a href=\"https:\/\/adiemontinyent.es\/wp-content\/uploads\/2024\/02\/HUERTO--scaled.jpg\"><img loading=\"lazy\" decoding=\"async\" class=\"wp-image-3552\" src=\"https:\/\/adiemontinyent.es\/wp-content\/uploads\/2024\/02\/HUERTO--1024x768.jpg\" alt=\"\" width=\"372\" height=\"279\" srcset=\"https:\/\/adiemontinyent.es\/wp-content\/uploads\/2024\/02\/HUERTO--1024x768.jpg 1024w, https:\/\/adiemontinyent.es\/wp-content\/uploads\/2024\/02\/HUERTO--300x225.jpg 300w, https:\/\/adiemontinyent.es\/wp-content\/uploads\/2024\/02\/HUERTO--768x576.jpg 768w, https:\/\/adiemontinyent.es\/wp-content\/uploads\/2024\/02\/HUERTO--1536x1152.jpg 1536w, https:\/\/adiemontinyent.es\/wp-content\/uploads\/2024\/02\/HUERTO--2048x1536.jpg 2048w, https:\/\/adiemontinyent.es\/wp-content\/uploads\/2024\/02\/HUERTO--1170x878.jpg 1170w\" sizes=\"(max-width: 372px) 100vw, 372px\" \/><\/a>\n<figure class=\"wp-block-image size-large is-resized\"><\/figure>\n<br \/><br \/><br \/><\/figure>\n<p align=\"justify\"><\/p>\n<div style=\"clear: both;\">\u00a0<\/div>\n<p>\u00a0<\/p>","protected":false},"excerpt":{"rendered":"<p>Este proyecto est\u00e1 dirigido por Alberto Belda psic\u00f3logo especialista en agricultura ecol\u00f3gica y est\u00e1 orientado a promover el aprendizaje de los cultivos hort\u00edcolas mediante el trabajo cooperativo, ya que ser realiza trabajo en equipo. Esto supone un gran beneficio para&#8230;<br \/><a class=\"read-more-button\" href=\"https:\/\/adiemontinyent.es\/?page_id=280\">Leer m\u00e1s<\/a><\/p>\n","protected":false},"author":1,"featured_media":0,"parent":0,"menu_order":0,"comment_status":"closed","ping_status":"closed","template":"","meta":{"footnotes":""},"class_list":["post-280","page","type-page","status-publish","hentry"],"_links":{"self":[{"href":"https:\/\/adiemontinyent.es\/index.php?rest_route=\/wp\/v2\/pages\/280","targetHints":{"allow":["GET"]}}],"collection":[{"href":"https:\/\/adiemontinyent.es\/index.php?rest_route=\/wp\/v2\/pages"}],"about":[{"href":"https:\/\/adiemontinyent.es\/index.php?rest_route=\/wp\/v2\/types\/page"}],"author":[{"embeddable":true,"href":"https:\/\/adiemontinyent.es\/index.php?rest_route=\/wp\/v2\/users\/1"}],"replies":[{"embeddable":true,"href":"https:\/\/adiemontinyent.es\/index.php?rest_route=%2Fwp%2Fv2%2Fcomments&post=280"}],"version-history":[{"count":16,"href":"https:\/\/adiemontinyent.es\/index.php?rest_route=\/wp\/v2\/pages\/280\/revisions"}],"predecessor-version":[{"id":3555,"href":"https:\/\/adiemontinyent.es\/index.php?rest_route=\/wp\/v2\/pages\/280\/revisions\/3555"}],"wp:attachment":[{"href":"https:\/\/adiemontinyent.es\/index.php?rest_route=%2Fwp%2Fv2%2Fmedia&parent=280"}],"curies":[{"name":"wp","href":"https:\/\/api.w.org\/{rel}","templated":true}]}}