{"id":282,"date":"2016-06-14T16:22:27","date_gmt":"2016-06-14T15:22:27","guid":{"rendered":"http:\/\/adiemontinyent.es\/?page_id=282"},"modified":"2016-10-20T07:39:18","modified_gmt":"2016-10-20T06:39:18","slug":"equipo-de-futbol","status":"publish","type":"page","link":"https:\/\/adiemontinyent.es\/?page_id=282","title":{"rendered":"Equipo de f\u00fatbol"},"content":{"rendered":"<p>Equipo de f\u00fatbol sala formado por personas diagnosticadas de enfermedad mental que participa en varias ligas y campeonatos tanto a nivel de la Comunidad Valenciana como nacional.<\/p>\n<div id=\"contenedor_fotos_futbol\">\n<div style=\"width:100%\"><span style=\"position:relative;float:left;\">Liga Funsam<\/span><span style=\"position:relative;float:right;margin-right:25%;\">Torneo Desm\u00e1rcate Madrid<\/span><\/div>\n<div style=\"clear:both\"><\/div>\n<div><img decoding=\"async\" src=\"http:\/\/adiemontinyent.es\/wp-content\/uploads\/2016\/10\/LIGA_FUNSAM.jpg\" alt=\"Liga Funsam CRIS\" style=\"width:48%; position:relative; float:left;\"><br \/>\n                <img decoding=\"async\" src=\"http:\/\/adiemontinyent.es\/wp-content\/uploads\/2016\/10\/Desmarcate_Madrid.jpg\" alt=\"Torneo Desmarcate CRIS\" style=\"width:48%; position:relative; float:left;top: -24px;\">\n            <\/div>\n<div style=\"clear:both\"><\/div>\n<div style=\"width:100%\"><span style=\"position:relative;float:left;\">Torneo Desm\u00e1rcate Madrid<\/span><span style=\"position:relative;float:right;margin-right:10%;\">Charla t\u00e9cnica en el vestuario en el torneo<\/span><\/div>\n<div style=\"clear:both\"><\/div>\n<div><img decoding=\"async\" src=\"http:\/\/adiemontinyent.es\/wp-content\/uploads\/2016\/10\/DESMARCATE_MADRID.jpg\" alt=\"Torneo Desmarcate CRIS\" style=\"width:48%; position:relative; float:left;margin-bottom: 24px;\"><br \/>\n              <img decoding=\"async\" src=\"http:\/\/adiemontinyent.es\/wp-content\/uploads\/2016\/10\/VESTUARIO.jpg\" alt=\"vestuario CRIS\" style=\"width:47%; position:relative; float:left;top:-23px\">\n            <\/div>\n<div style=\"clear:both\"><\/div>\n<div style=\"width:100%\"><span style=\"\">Visita al Estadio Santiago Bernabeu<\/span><\/div>\n<div>\n<div>\n<img decoding=\"async\" src=\"http:\/\/adiemontinyent.es\/wp-content\/uploads\/2016\/10\/bernabeu.png\" alt=\"visita CRIS Bernabeu\" style=\"width:47%; \"><\/p><\/div>\n<\/p><\/div>\n<\/p><\/div>\n","protected":false},"excerpt":{"rendered":"<p>Equipo de f\u00fatbol sala formado por personas diagnosticadas de enfermedad mental que participa en varias ligas y campeonatos tanto a nivel de la Comunidad Valenciana como nacional. Liga FunsamTorneo Desm\u00e1rcate Madrid Torneo Desm\u00e1rcate MadridCharla t\u00e9cnica en el vestuario en el&#8230;<br \/><a class=\"read-more-button\" href=\"https:\/\/adiemontinyent.es\/?page_id=282\">Leer m\u00e1s<\/a><\/p>\n","protected":false},"author":1,"featured_media":0,"parent":0,"menu_order":0,"comment_status":"closed","ping_status":"closed","template":"","meta":{"footnotes":""},"class_list":["post-282","page","type-page","status-publish","hentry"],"_links":{"self":[{"href":"https:\/\/adiemontinyent.es\/index.php?rest_route=\/wp\/v2\/pages\/282","targetHints":{"allow":["GET"]}}],"collection":[{"href":"https:\/\/adiemontinyent.es\/index.php?rest_route=\/wp\/v2\/pages"}],"about":[{"href":"https:\/\/adiemontinyent.es\/index.php?rest_route=\/wp\/v2\/types\/page"}],"author":[{"embeddable":true,"href":"https:\/\/adiemontinyent.es\/index.php?rest_route=\/wp\/v2\/users\/1"}],"replies":[{"embeddable":true,"href":"https:\/\/adiemontinyent.es\/index.php?rest_route=%2Fwp%2Fv2%2Fcomments&post=282"}],"version-history":[{"count":38,"href":"https:\/\/adiemontinyent.es\/index.php?rest_route=\/wp\/v2\/pages\/282\/revisions"}],"predecessor-version":[{"id":579,"href":"https:\/\/adiemontinyent.es\/index.php?rest_route=\/wp\/v2\/pages\/282\/revisions\/579"}],"wp:attachment":[{"href":"https:\/\/adiemontinyent.es\/index.php?rest_route=%2Fwp%2Fv2%2Fmedia&parent=282"}],"curies":[{"name":"wp","href":"https:\/\/api.w.org\/{rel}","templated":true}]}}