{"id":429,"date":"2016-10-13T07:19:40","date_gmt":"2016-10-13T06:19:40","guid":{"rendered":"http:\/\/adiemontinyent.es\/?page_id=429"},"modified":"2024-01-30T10:25:58","modified_gmt":"2024-01-30T09:25:58","slug":"calidad","status":"publish","type":"page","link":"https:\/\/adiemontinyent.es\/?page_id=429","title":{"rendered":"Calidad"},"content":{"rendered":"<iframe src=\"\/\/docs.google.com\/viewer?url=http%3A%2F%2Fadiemontinyent.es%2Fwp-content%2Fuploads%2F2024%2F01%2FCER.0001.16-15.07.22.pdf&hl=es&embedded=true\" class=\"gde-frame\" style=\"width:100%; height:500px; border: none;\" scrolling=\"no\"><\/iframe>\n\n<p style=\"text-align: center;\" align=\"center\"><span style=\"font-size: medium;\"><b>El CRIS de Ontinyent consigue la certificaci\u00f3n en la Norma ONG Calidad<\/b><\/span><\/p>\n<p align=\"justify\"><span style=\"font-size: medium;\">El CRIS de Ontinyent, gestionado por ADIEM, fue pionero en la Comunidad Valenciana, siendo el primer CRIS que se abri\u00f3, en 1997. <\/span><\/p>\n<p align=\"justify\"><span style=\"font-size: medium;\">A lo largo de sus casi 20 a\u00f1os de existencia ha atendido a cientos de personas con enfermedades mentales cr\u00f3nicas y sus familias, favoreciendo la recuperaci\u00f3n y la reintegraci\u00f3n en la sociedad. Durante ese tiempo han sido muchas las actividades que se han ido implantando para conseguir estos fines en un proceso de constante renovaci\u00f3n.<\/span><\/p>\n<p align=\"justify\"><span style=\"font-size: medium;\">Comprometidos con la mejora continua y tratando de hacer las cosas de la mejor manera posible, el \u00e1rea de la Calidad ha sido prioritaria en el Centro desde hace a\u00f1os. <\/span><\/p>\n<p align=\"justify\"><span style=\"font-size: medium;\">Se implant\u00f3 en un primer momento el Sistema B\u00e1sico de Calidad, propuesto por la entonces Conseller\u00eda de Bienestar Social. Pero el CRIS ha querido ir m\u00e1s all\u00e1 y obtener la certificaci\u00f3n de Calidad.<\/span><\/p>\n<p align=\"justify\"><span style=\"font-size: medium;\">Es por esto que el a\u00f1o 2015 se comenz\u00f3 a implantar la Norma ONG Calidad, una norma de calidad orientada directamente a las organizaciones del Tercer Sector, coherente con nuestro enfoque que sit\u00faa a las personas en el centro de nuestro trabajo y donde los valores como la solidaridad y la igualdad de derechos son preeminentes. <\/span><\/p>\n<p align=\"justify\"><span style=\"font-size: medium;\">As\u00ed nos hemos convertido en el primer CRIS en la Comunidad Valenciana en Obtener la Certificaci\u00f3n de Calidad ONG Calidad, otorgada por el ICONG, Instituto para la Calidad de las ONG. <\/span><\/p>\n<p align=\"justify\"><span style=\"font-size: medium;\">Estamos\u00a0seguros de que este esfuerzo nos permitir\u00e1 seguir innovando y mantener en el futuro unos est\u00e1ndares de calidad elevados, tal como se merecen nuestros usuarios, sus familiares y la propia sociedad a quien prestamos nuestros servicios.<\/span><\/p>\n","protected":false},"excerpt":{"rendered":"<p>El CRIS de Ontinyent consigue la certificaci\u00f3n en la Norma ONG Calidad El CRIS de Ontinyent, gestionado por ADIEM, fue pionero en la Comunidad Valenciana, siendo el primer CRIS que se abri\u00f3, en 1997. A lo largo de sus casi&#8230;<br \/><a class=\"read-more-button\" href=\"https:\/\/adiemontinyent.es\/?page_id=429\">Leer m\u00e1s<\/a><\/p>\n","protected":false},"author":1,"featured_media":0,"parent":0,"menu_order":0,"comment_status":"closed","ping_status":"closed","template":"","meta":{"footnotes":""},"class_list":["post-429","page","type-page","status-publish","hentry"],"_links":{"self":[{"href":"https:\/\/adiemontinyent.es\/index.php?rest_route=\/wp\/v2\/pages\/429","targetHints":{"allow":["GET"]}}],"collection":[{"href":"https:\/\/adiemontinyent.es\/index.php?rest_route=\/wp\/v2\/pages"}],"about":[{"href":"https:\/\/adiemontinyent.es\/index.php?rest_route=\/wp\/v2\/types\/page"}],"author":[{"embeddable":true,"href":"https:\/\/adiemontinyent.es\/index.php?rest_route=\/wp\/v2\/users\/1"}],"replies":[{"embeddable":true,"href":"https:\/\/adiemontinyent.es\/index.php?rest_route=%2Fwp%2Fv2%2Fcomments&post=429"}],"version-history":[{"count":10,"href":"https:\/\/adiemontinyent.es\/index.php?rest_route=\/wp\/v2\/pages\/429\/revisions"}],"predecessor-version":[{"id":3531,"href":"https:\/\/adiemontinyent.es\/index.php?rest_route=\/wp\/v2\/pages\/429\/revisions\/3531"}],"wp:attachment":[{"href":"https:\/\/adiemontinyent.es\/index.php?rest_route=%2Fwp%2Fv2%2Fmedia&parent=429"}],"curies":[{"name":"wp","href":"https:\/\/api.w.org\/{rel}","templated":true}]}}