{"id":695,"date":"2016-11-11T08:33:35","date_gmt":"2016-11-11T07:33:35","guid":{"rendered":"http:\/\/adiemontinyent.es\/?page_id=695"},"modified":"2016-11-11T09:33:41","modified_gmt":"2016-11-11T08:33:41","slug":"preguntas-frecuentes","status":"publish","type":"page","link":"https:\/\/adiemontinyent.es\/?page_id=695","title":{"rendered":"Preguntas Frecuentes"},"content":{"rendered":"<p>Fuente: <a href=\"https:\/\/consaludmental.org\/informate\/\">www.consaludmental.org<\/a><\/p>\n            <div class=\"qae-faqs-container qae-faqs-toggle-container\">\n\t\t\t\t\t\t<div id=\"qaef-733\" class=\"qe-faq-toggle \">\n\t\t\t<div class=\"qe-toggle-title\">\n\t\t\t\t<h4>\n\t\t\t\t\t<i class=\"fa fa-minus-circle\"><\/i> \u00bfQu\u00e9 entendemos por salud mental?\t\t\t\t<\/h4>\n\t\t\t<\/div>\n\t\t\t<div class=\"qe-toggle-content\">\n\t\t\t\t<p>Para la Organizaci\u00f3n Mundial de la Salud (<a href=\"http:\/\/www.who.int\/features\/factfiles\/mental_health\/es\/\" target=\"_blank\">OMS<\/a>), la salud mental se define como \u201cun estado de bienestar en el cual el individuo es consciente de sus propias capacidades, puede afrontar las tensiones normales de la vida, puede trabajar de forma productiva y fruct\u00edfera y es capaz de hacer una contribuci\u00f3n a su comunidad\u201d. Su dimensi\u00f3n positiva se destaca desde la propia definici\u00f3n de salud que figura en la Constituci\u00f3n de la OMS: \u201cLa salud es un estado de completo bienestar f\u00edsico, mental y social, y no solamente la ausencia de afecciones o enfermedades\u201d<\/p>\n<p>El concepto de salud mental est\u00e1 tambi\u00e9n relacionado con la promoci\u00f3n del bienestar, la prevenci\u00f3n de trastornos mentales y el tratamiento, rehabilitaci\u00f3n y recuperaci\u00f3n de las personas con enfermedad mental. Se puede decir, por tanto, que la salud mental es un aspecto m\u00e1s del bienestar de cada persona. Algo que tenemos que cuidar, prestar atenci\u00f3n y <strong>afrontar si pensamos que nos encontramos ante un problema de salud mental<\/strong><\/p>\n\t\t\t<\/div>\n\t\t<\/div>\n\t\t\t\t<div id=\"qaef-732\" class=\"qe-faq-toggle \">\n\t\t\t<div class=\"qe-toggle-title\">\n\t\t\t\t<h4>\n\t\t\t\t\t<i class=\"fa fa-minus-circle\"><\/i> Aspectos a cuidar en nuestra salud mental\t\t\t\t<\/h4>\n\t\t\t<\/div>\n\t\t\t<div class=\"qe-toggle-content\">\n\t\t\t\t<ul>\n<li><strong>H\u00e1bitos de alimentaci\u00f3n<\/strong>. Para evitar problemas de salud, lo ideal es llevar una dieta equilibrada.<\/li>\n<li><strong>Autocuidado<\/strong>. Es decir, prestar atenci\u00f3n al cuidado de la higiene personal, vestimenta, etc.<\/li>\n<li><strong>Estilo de vida<\/strong>. Potenciar los ritmos tranquilos, disfrutando de las cosas importantes de la vida y del tiempo de ocio, evitando el stress y los excesos, as\u00ed como el sedentarismo ayuda a prevenir los problemas de salud mental.<\/li>\n<li><strong>Consumo de t\u00f3xicos<\/strong>, Es b\u00e1sico evitar el consumo de sustancias t\u00f3xicas, tanto legales como ilegales.<\/li>\n<\/ul>\n\t\t\t<\/div>\n\t\t<\/div>\n\t\t\t\t<div id=\"qaef-731\" class=\"qe-faq-toggle \">\n\t\t\t<div class=\"qe-toggle-title\">\n\t\t\t\t<h4>\n\t\t\t\t\t<i class=\"fa fa-minus-circle\"><\/i> \u00bfQu\u00e9 es el trastorno mental?\t\t\t\t<\/h4>\n\t\t\t<\/div>\n\t\t\t<div class=\"qe-toggle-content\">\n\t\t\t\t<p>Es importante entender el trastorno mental como una parte de nuestra vida y una circunstancia m\u00e1s de la persona, y no como elemento que anula el resto de nuestras capacidades. Es una alteraci\u00f3n de tipo emocional, cognitivo y\/o del comportamiento en que quedan afectados procesos psicol\u00f3gicos b\u00e1sicos como son la emoci\u00f3n, la motivaci\u00f3n, la cognici\u00f3n, la conciencia, la conducta, la percepci\u00f3n, el aprendizaje y el lenguaje, lo cual dificulta a la persona su adaptaci\u00f3n al entorno cultural y social en el que vive y crea alguna forma de malestar subjetivo.<\/p>\n\t\t\t<\/div>\n\t\t<\/div>\n\t\t\t\t<div id=\"qaef-730\" class=\"qe-faq-toggle \">\n\t\t\t<div class=\"qe-toggle-title\">\n\t\t\t\t<h4>\n\t\t\t\t\t<i class=\"fa fa-minus-circle\"><\/i> \u00bfCu\u00e1les las causas de un trastorno mental?\t\t\t\t<\/h4>\n\t\t\t<\/div>\n\t\t\t<div class=\"qe-toggle-content\">\n\t\t\t\t<p>Las causas para que aparezca un trastorno mental suelen ser una combinaci\u00f3n de factores gen\u00e9ticos, del entorno social y de experiencias vividas. No tiene nada que ver con debilidad de car\u00e1cter, ni son culpa de la persona. La mayor\u00eda de <strong>los problemas de salud mental suelen iniciarse en la adolescencia y juventud<\/strong>, o tras sufrir alg\u00fan suceso traum\u00e1tico como perder un trabajo, la muerte de un familiar, una separaci\u00f3n o un desahucio.<\/p>\n\t\t\t<\/div>\n\t\t<\/div>\n\t\t\t\t<div id=\"qaef-729\" class=\"qe-faq-toggle \">\n\t\t\t<div class=\"qe-toggle-title\">\n\t\t\t\t<h4>\n\t\t\t\t\t<i class=\"fa fa-minus-circle\"><\/i> \u00bfQui\u00e9n puede tener un trastorno mental?\t\t\t\t<\/h4>\n\t\t\t<\/div>\n\t\t\t<div class=\"qe-toggle-content\">\n\t\t\t\t<p>Todos tenemos posibilidades de tener un trastorno mental. De hecho, seg\u00fan la Organizaci\u00f3n Mundial de la Salud, una de cada cuatro personas presenta un trastorno mental a lo largo de la vida. Aunque pueda haber personas con m\u00e1s predisposici\u00f3n gen\u00e9tica que otras a tenerlo, los factores ambientales pueden afectar de forma determinante en la aparici\u00f3n de trastornos mentales, con lo que todos estamos expuestos a ello.<br \/>\nSeg\u00fan la Estrategia en Salud Mental del Sistema Nacional de Salud, se calcula que entre el 2\u00b45 y el 3% de la poblaci\u00f3n en Espa\u00f1a, alrededor de <strong>un mill\u00f3n de personas, tienen un problema de salud mental grave como la esquizofrenia o el trastorno bipolar<\/strong>. Y cerca de 9 millones (un 15%) presentan en alg\u00fan momento de su vida un problema de salud mental como la ansiedad o la depresi\u00f3n.<\/p>\n\t\t\t<\/div>\n\t\t<\/div>\n\t\t\t\t<div id=\"qaef-728\" class=\"qe-faq-toggle \">\n\t\t\t<div class=\"qe-toggle-title\">\n\t\t\t\t<h4>\n\t\t\t\t\t<i class=\"fa fa-minus-circle\"><\/i> \u00bfLos trastornos mentales se curan?\t\t\t\t<\/h4>\n\t\t\t<\/div>\n\t\t\t<div class=\"qe-toggle-content\">\n\t\t\t\t<p><strong>Es posible la recuperaci\u00f3n de cualquier problema de salud mental<\/strong> con los adecuados tratamientos psicol\u00f3gicos, farmacol\u00f3gicos, rehabilitadores y sociales, que se deben ajustar a la persona y mantenerse en el tiempo que se requiera. Los tratamientos deben ser distintos seg\u00fan el tipo de trastorno, y se deben dise\u00f1ar intervenciones continuadas y personalizadas para cada uno de los casos. Es imprescindible combinar el tratamiento farmacol\u00f3gico con medidas de rehabilitaci\u00f3n socio-laboral, apoyo familiar y ayuda psicol\u00f3gica. La atenci\u00f3n psicol\u00f3gica es fundamental para afrontar los efectos de la enfermedad en su vida social, familiar y profesional.<\/p>\n\t\t\t<\/div>\n\t\t<\/div>\n\t\t\t\t<div id=\"qaef-727\" class=\"qe-faq-toggle \">\n\t\t\t<div class=\"qe-toggle-title\">\n\t\t\t\t<h4>\n\t\t\t\t\t<i class=\"fa fa-minus-circle\"><\/i> \u00bfPueden las personas con trastorno mental, llevar una vida \u201cnormalizada\u201d?\t\t\t\t<\/h4>\n\t\t\t<\/div>\n\t\t\t<div class=\"qe-toggle-content\">\n\t\t\t\t<p><strong>Tener un problema de salud mental no impide<\/strong>, \u00a1ni mucho menos!, tener una vida plena, conseguir un trabajo, formar una familia, o <strong>disfrutar de cualquier aspecto de la vida<\/strong>. En ocasiones los trastornos mentales desembocan en una discapacidad, puesto que la percepci\u00f3n, el \u00e1nimo y el comportamiento de las personas con trastorno mental pueden dificultar su actividad en la sociedad.<\/p>\n\t\t\t<\/div>\n\t\t<\/div>\n\t\t\t\t<div id=\"qaef-726\" class=\"qe-faq-toggle \">\n\t\t\t<div class=\"qe-toggle-title\">\n\t\t\t\t<h4>\n\t\t\t\t\t<i class=\"fa fa-minus-circle\"><\/i> \u00bfUna persona con trastorno mental puede trabajar?\t\t\t\t<\/h4>\n\t\t\t<\/div>\n\t\t\t<div class=\"qe-toggle-content\">\n\t\t\t\t<p>\u00a1Claro que s\u00ed!, siempre y cuando su perfil se ajuste a la realizaci\u00f3n de las actividades y tareas propias del puesto, como cualquier otra persona.<br \/>\nLas personas con trastorno mental pueden trabajar bajo diversas modalidades. Por ejemplo, el empleo ordinario que se puede llevar a cabo en empresas privadas o en la administraci\u00f3n p\u00fablica, el empleo protegido en los centros especiales de empleo o el empleo con apoyo.<br \/>\nEn algunas ocasiones cualquier persona que est\u00e9 trabajando puede ver reducida su capacidad para desarrollar sus capacidades y habilidades en diferentes grados (temporal o permanente). Para paliar las consecuencias de estas situaciones y cubrir las necesidades de la persona, existen prestaciones econ\u00f3micas* como, por ejemplo:<\/p>\n<ul>\n<li><strong>Prestaci\u00f3n por incapacidad temporal<\/strong>. Pago de un subsidio diario durante la incapacidad laboral en la que se requiera la asistencia sanitaria de la Seguridad Social. Esta situaci\u00f3n puede derivarse de una enfermedad com\u00fan o accidente no laboral o de un accidente de trabajo o enfermedad profesional.<\/li>\n<li><strong>Prestaciones por incapacidad permanente<\/strong>, la falta de ingresos se cubre por el reconocimiento de una pensi\u00f3n contributiva. Cada uno de los cuatro grados de la incapacidad permanente, dan lugar a su correspondiente prestaci\u00f3n:\n<ul>\n<li><strong>Incapacidad permanente parcial<\/strong>, consiste en una indemnizaci\u00f3n a tanto alzado equivalente a 24 mensualidades de la base reguladora que sirvi\u00f3 para el c\u00e1lculo de la incapacidad temporal.<\/li>\n<li><strong>Incapacidad permanente total<\/strong>, se percibir\u00e1 el 55% de la base reguladora, que se incrementar\u00e1 un 20% a partir de los 55 a\u00f1os cuando por diversas circunstancias se presuma la dificultad de obtener empleo en actividad distinta a la habitual.<\/li>\n<li><strong>Incapacidad permanente absoluta<\/strong>, se percibir\u00e1 el 100% de la base reguladora.<\/li>\n<li><strong>Gran invalidez<\/strong>, la cuant\u00eda a percibir ser\u00e1 el 100% de la base reguladora incrementado en un 50% destinado a remunerar a la persona que atiende a la persona con gran invalidez<\/li>\n<\/ul>\n<\/li>\n<\/ul>\n<p>El <a href=\"http:\/\/www.seg-social.es\/Internet_1\/index.htm\">Instituto Nacional de la Seguridad Social<\/a> es el encargado de evaluar, calificar y revisar las incapacidades laborales y, por tanto, de reconocer las prestaciones econ\u00f3micas contributivas que le corresponden a cada solicitante. Para pedir una prestaci\u00f3n por incapacidad permanente ser\u00e1 necesario cumplimentar el impreso correspondiente y presentarlo en cualquiera de los <a href=\"http:\/\/www.seg-social.es\/Internet_1\/Oficinas\/index.htm\">Centros de Atenci\u00f3n e Informaci\u00f3n de la Seguridad Social<\/a>.<\/p>\n<p>* Fuente: http:\/\/www.seg-social.es\/Internet_1\/index.htm<\/p>\n\t\t\t<\/div>\n\t\t<\/div>\n\t\t\t\t<div id=\"qaef-725\" class=\"qe-faq-toggle \">\n\t\t\t<div class=\"qe-toggle-title\">\n\t\t\t\t<h4>\n\t\t\t\t\t<i class=\"fa fa-minus-circle\"><\/i> Discapacidad a causa de enfermedad mental \u00bfQu\u00e9 es el certificado de discapacidad?\t\t\t\t<\/h4>\n\t\t\t<\/div>\n\t\t\t<div class=\"qe-toggle-content\">\n\t\t\t\t<p>Es un documento oficial que acredita a su solicitante la condici\u00f3n legal de \u201cpersona con discapacidad\u201d en el grado que establezca la valoraci\u00f3n que llevar\u00e1 a cabo el equipo de valoraci\u00f3n y orientaci\u00f3n compuesto por m\u00e9dicos\/as, psic\u00f3logos\/as y trabajadores\/as sociales. Este documento es expedido por las Administraciones Auton\u00f3micas y tiene validez en todo el territorio estatal.<br \/>\nEste certificado no tiene nada que ver con la incapacitaci\u00f3n civil y es una herramienta que tanto la persona con trastorno mental como su familia pueden usar para acceder a diferentes beneficios sociales y econ\u00f3micos.<\/p>\n\t\t\t<\/div>\n\t\t<\/div>\n\t\t\t\t<div id=\"qaef-724\" class=\"qe-faq-toggle \">\n\t\t\t<div class=\"qe-toggle-title\">\n\t\t\t\t<h4>\n\t\t\t\t\t<i class=\"fa fa-minus-circle\"><\/i> \u00bfC\u00f3mo se valora la discapacidad?\t\t\t\t<\/h4>\n\t\t\t<\/div>\n\t\t\t<div class=\"qe-toggle-content\">\n\t\t\t\t<p>La persona que va a ser valorada debe pasar por el tribunal m\u00e9dico y tendr\u00e1 que entrevistarse con varios profesionales (un profesional m\u00e9dico, psic\u00f3logo y trabajador social) y, entre todos, elaborar\u00e1n un dictamen para decidir el grado de discapacidad. La valoraci\u00f3n conjunta de las limitaciones en la actividad y de los factores sociales se expresar\u00e1 en porcentaje y debe alcanzar al menos el 33% para que se considere al solicitante una persona con discapacidad.<\/p>\n\t\t\t<\/div>\n\t\t<\/div>\n\t\t\t\t<div id=\"qaef-723\" class=\"qe-faq-toggle \">\n\t\t\t<div class=\"qe-toggle-title\">\n\t\t\t\t<h4>\n\t\t\t\t\t<i class=\"fa fa-minus-circle\"><\/i> \u00bfD\u00f3nde solicitarlo?\t\t\t\t<\/h4>\n\t\t\t<\/div>\n\t\t\t<div class=\"qe-toggle-content\">\n\t\t\t\t<p>La solicitud, as\u00ed como cualquier otra documentaci\u00f3n que pudiera ser exigida, puede presentarse personalmente o por correo en las oficinas de registro de las Comunidades Aut\u00f3nomas y Direcciones Provinciales del Imserso en el caso de las Ciudades Aut\u00f3nomas de Ceuta y Melilla.<\/p>\n\t\t\t<\/div>\n\t\t<\/div>\n\t\t\t\t<div id=\"qaef-720\" class=\"qe-faq-toggle faq\">\n\t\t\t<div class=\"qe-toggle-title\">\n\t\t\t\t<h4>\n\t\t\t\t\t<i class=\"fa fa-minus-circle\"><\/i> \u00bfQu\u00e9 documentaci\u00f3n se debe adjuntar para solicitar el certificado de discapacidad?\t\t\t\t<\/h4>\n\t\t\t<\/div>\n\t\t\t<div class=\"qe-toggle-content\">\n\t\t\t\t<ul>\n<li>Fotocopia del DNI del interesado\/a o, en su defecto, fotocopia del libro de familia.<\/li>\n<li>En su caso, fotocopia del DNI del representante legal y del documento acreditativo de la representaci\u00f3n legal o guardador\/a de hecho.<\/li>\n<li>Solicitud para el reconocimiento del grado de discapacidad.<\/li>\n<li>Certificado de empadronamiento.<\/li>\n<li>Fotocopia de todos los informes m\u00e9dicos, psicol\u00f3gicos y sociales que posea, que avalen la discapacidad reconocida.<\/li>\n<\/ul>\n\t\t\t<\/div>\n\t\t<\/div>\n\t\t            <\/div>\n\t\t\n","protected":false},"excerpt":{"rendered":"<p>Fuente: www.consaludmental.org<\/p>\n","protected":false},"author":1,"featured_media":0,"parent":0,"menu_order":0,"comment_status":"closed","ping_status":"closed","template":"","meta":{"footnotes":""},"class_list":["post-695","page","type-page","status-publish","hentry"],"_links":{"self":[{"href":"https:\/\/adiemontinyent.es\/index.php?rest_route=\/wp\/v2\/pages\/695","targetHints":{"allow":["GET"]}}],"collection":[{"href":"https:\/\/adiemontinyent.es\/index.php?rest_route=\/wp\/v2\/pages"}],"about":[{"href":"https:\/\/adiemontinyent.es\/index.php?rest_route=\/wp\/v2\/types\/page"}],"author":[{"embeddable":true,"href":"https:\/\/adiemontinyent.es\/index.php?rest_route=\/wp\/v2\/users\/1"}],"replies":[{"embeddable":true,"href":"https:\/\/adiemontinyent.es\/index.php?rest_route=%2Fwp%2Fv2%2Fcomments&post=695"}],"version-history":[{"count":11,"href":"https:\/\/adiemontinyent.es\/index.php?rest_route=\/wp\/v2\/pages\/695\/revisions"}],"predecessor-version":[{"id":702,"href":"https:\/\/adiemontinyent.es\/index.php?rest_route=\/wp\/v2\/pages\/695\/revisions\/702"}],"wp:attachment":[{"href":"https:\/\/adiemontinyent.es\/index.php?rest_route=%2Fwp%2Fv2%2Fmedia&parent=695"}],"curies":[{"name":"wp","href":"https:\/\/api.w.org\/{rel}","templated":true}]}}